{"id":174,"date":"2020-10-10T06:08:56","date_gmt":"2020-10-10T06:08:56","guid":{"rendered":"https:\/\/otetkomlos.hu\/?page_id=174"},"modified":"2023-05-21T08:06:44","modified_gmt":"2023-05-21T08:06:44","slug":"kozlemenyek","status":"publish","type":"page","link":"https:\/\/otetkomlos.hu\/index.php\/kozlemenyek\/","title":{"rendered":"K\u00f6zlem\u00e9nyek"},"content":{"rendered":"<p>2022. \u00e9vben a 2021. \u00e9v ad\u00f3j\u00e1b\u00f3l mag\u00e1nszem\u00e9lyekt\u0151l, 1% vonatkoz\u00e1s\u00e1ban <strong>280.717,- Ft<\/strong> \u00e9rkezett a sz\u00e1ml\u00e1nkra. A t\u00e1mogat\u00e1st m\u0171k\u00f6d\u00e9si \u00e9s c\u00e9l szerinti kiad\u00e1sokra ford\u00edtjuk.\u00a0 K\u00f6sz\u00f6nj\u00fck minden t\u00e1mogat\u00f3 felaj\u00e1nl\u00e1s\u00e1t.<\/p>\n<blockquote class=\"wp-embedded-content\" data-secret=\"zGmM3zPast\"><p><a href=\"https:\/\/otetkomlos.hu\/index.php\/kozlemenyek\/videk-fejlesztesi-program-kereteben-kiserteku-eszkozbeszerzes-vp6-19-2-1-49-10-17-szamu-palyazaton\/\">Vid\u00e9k fejleszt\u00e9si program keret\u00e9ben kis\u00e9rt\u00e9k\u0171 eszk\u00f6zbeszerz\u00e9s, VP6-19.2.1.-49-10-17 sz\u00e1m\u00fa p\u00e1ly\u00e1zaton<\/a><\/p><\/blockquote>\n<p><iframe class=\"wp-embedded-content\" sandbox=\"allow-scripts\" security=\"restricted\" style=\"position: absolute; clip: rect(1px, 1px, 1px, 1px);\" title=\"&#8220;Vid\u00e9k fejleszt\u00e9si program keret\u00e9ben kis\u00e9rt\u00e9k\u0171 eszk\u00f6zbeszerz\u00e9s, VP6-19.2.1.-49-10-17 sz\u00e1m\u00fa p\u00e1ly\u00e1zaton&#8221; &#8212; \u00d6nk\u00e9ntes T\u0171zolt\u00f3 Egyes\u00fclet T\u00f3tkoml\u00f3s\" src=\"https:\/\/otetkomlos.hu\/index.php\/kozlemenyek\/videk-fejlesztesi-program-kereteben-kiserteku-eszkozbeszerzes-vp6-19-2-1-49-10-17-szamu-palyazaton\/embed\/#?secret=PQl4208c8i#?secret=zGmM3zPast\" data-secret=\"zGmM3zPast\" width=\"600\" height=\"338\" frameborder=\"0\" marginwidth=\"0\" marginheight=\"0\" scrolling=\"no\"><\/iframe><\/p>\n<p>2021. \u00e9vben a 2020. \u00e9v ad\u00f3j\u00e1b\u00f3l mag\u00e1nszem\u00e9lyekt\u0151l, 1% vonatkoz\u00e1s\u00e1ban <strong>374.081,- Ft<\/strong> \u00e9rkezett a sz\u00e1ml\u00e1nkra. A t\u00e1mogat\u00e1st m\u0171k\u00f6d\u00e9si \u00e9s c\u00e9l szerinti kiad\u00e1sokra ford\u00edtjuk.\u00a0 K\u00f6sz\u00f6nj\u00fck minden t\u00e1mogat\u00f3 felaj\u00e1nl\u00e1s\u00e1t.<\/p>\n<p>2020. \u00e9vben a 2019. \u00e9v ad\u00f3j\u00e1b\u00f3l mag\u00e1nszem\u00e9lyekt\u0151l, 1% vonatkoz\u00e1s\u00e1ban <strong>324.707,- Ft<\/strong> \u00e9rkezett a sz\u00e1ml\u00e1nkra. A t\u00e1mogat\u00e1st m\u0171k\u00f6d\u00e9si \u00e9s c\u00e9l szerinti kiad\u00e1sokra ford\u00edtjuk.\u00a0 K\u00f6sz\u00f6nj\u00fck minden t\u00e1mogat\u00f3 felaj\u00e1nl\u00e1s\u00e1t.<\/p>\n<p class=\"style20\"><i> <span style=\"color: #000000;\">Egyes\u00fclet\u00fcnk 2019. \u00e9vben az ad\u00f3k 1%-\u00e1b\u00f3l<\/span> \u00a0<strong>347.246 Ft<\/strong> <span style=\"color: #000000;\">t\u00e1mogat\u00e1sban r\u00e9szes\u00fclt, amelyet m\u0171k\u00f6d\u00e9si \u00e9s c\u00e9l szerinti kiad\u00e1sokra ford\u00edtottunk. K\u00f6sz\u00f6nj\u00fck minden felaj\u00e1nl\u00f3nak a nek\u00fcnk ny\u00fajtott seg\u00edts\u00e9get.<\/span><\/i><\/p>\n<p class=\"style20\"><i> <span style=\"color: #000000;\">Egyes\u00fclet\u00fcnk 2018. \u00e9vben az ad\u00f3k 1%-\u00e1b\u00f3l\u00a0<\/span> <a href=\"https:\/\/otetkomlos.hu\/wp-content\/uploads\/2020\/10\/18KOZ.pdf\" target=\"_blank\" rel=\"noopener noreferrer\"><strong>371.786.Ft<\/strong><\/a>&#8211;<span style=\"color: #000000;\">t\u00e1mogat\u00e1sban r\u00e9szes\u00fclt, amelyet m\u0171k\u00f6d\u00e9si \u00e9s c\u00e9l szerinti kiad\u00e1sokra ford\u00edtottunk. K\u00f6sz\u00f6nj\u00fck minden felaj\u00e1nl\u00f3nak a nek\u00fcnk ny\u00fajtott seg\u00edts\u00e9get.<\/span><\/i><\/p>\n","protected":false},"excerpt":{"rendered":"<p>2022. \u00e9vben a 2021. \u00e9v ad\u00f3j\u00e1b\u00f3l mag\u00e1nszem\u00e9lyekt\u0151l, 1% vonatkoz\u00e1s\u00e1ban 280.717,- Ft \u00e9rkezett a sz\u00e1ml\u00e1nkra. A t\u00e1mogat\u00e1st m\u0171k\u00f6d\u00e9si \u00e9s c\u00e9l szerinti kiad\u00e1sokra ford\u00edtjuk.\u00a0 K\u00f6sz\u00f6nj\u00fck minden t\u00e1mogat\u00f3 felaj\u00e1nl\u00e1s\u00e1t. Vid\u00e9k fejleszt\u00e9si program keret\u00e9ben&hellip; <\/p>\n","protected":false},"author":2,"featured_media":0,"parent":0,"menu_order":0,"comment_status":"closed","ping_status":"closed","template":"","meta":[],"_links":{"self":[{"href":"https:\/\/otetkomlos.hu\/index.php\/wp-json\/wp\/v2\/pages\/174"}],"collection":[{"href":"https:\/\/otetkomlos.hu\/index.php\/wp-json\/wp\/v2\/pages"}],"about":[{"href":"https:\/\/otetkomlos.hu\/index.php\/wp-json\/wp\/v2\/types\/page"}],"author":[{"embeddable":true,"href":"https:\/\/otetkomlos.hu\/index.php\/wp-json\/wp\/v2\/users\/2"}],"replies":[{"embeddable":true,"href":"https:\/\/otetkomlos.hu\/index.php\/wp-json\/wp\/v2\/comments?post=174"}],"version-history":[{"count":14,"href":"https:\/\/otetkomlos.hu\/index.php\/wp-json\/wp\/v2\/pages\/174\/revisions"}],"predecessor-version":[{"id":565,"href":"https:\/\/otetkomlos.hu\/index.php\/wp-json\/wp\/v2\/pages\/174\/revisions\/565"}],"wp:attachment":[{"href":"https:\/\/otetkomlos.hu\/index.php\/wp-json\/wp\/v2\/media?parent=174"}],"curies":[{"name":"wp","href":"https:\/\/api.w.org\/{rel}","templated":true}]}}