{"id":10,"date":"2020-10-05T20:59:50","date_gmt":"2020-10-05T20:59:50","guid":{"rendered":"https:\/\/otetkomlos.hu\/?page_id=10"},"modified":"2020-10-08T12:16:32","modified_gmt":"2020-10-08T12:16:32","slug":"rolunk","status":"publish","type":"page","link":"https:\/\/otetkomlos.hu\/index.php\/rolunk\/","title":{"rendered":"R\u00f3lunk"},"content":{"rendered":"<p>A telep\u00fcl\u00e9s lakoss\u00e1g\u00e1nak a t\u0171z elleni v\u00e9dekez\u00e9sei m\u00e1r a XIX. sz\u00e1zadban kialakultak. A templomtoronyban t\u0171z\u0151r\u00f6k laktak, akiknek feladata a t\u0171z jelz\u00e9se volt \u00e9s ezenk\u00edv\u00fcl jelezt\u00e9k az id\u0151 m\u00fal\u00e1s\u00e1t is. T\u0171z eset\u00e9n el\u0151sz\u00f6r a t\u0171zolt\u00f3k vonultak, \u0151ket a f\u00e9rfiak k\u00f6vett\u00e9k vasvill\u00e1val \u00e9s egy\u00e9b t\u0171zolt\u00e1sra alkalmas eszk\u00f6zzel.<br \/>\nT\u00f3tkoml\u00f3son a t\u0171zv\u00e9delmi feladatok ell\u00e1t\u00e1s\u00e1ra 1924-ben alakult \u00d6nk\u00e9ntes T\u0171zolt\u00f3 Test\u00fclet. A ma m\u0171k\u00f6d\u0151 t\u0171zolt\u00f3 egyes\u00fclet ennek a szervezetnek a jogut\u00f3dja. Ez id\u0151t\u0151l sz\u00e1m\u00edtva folyamatos tev\u00e9kenys\u00e9g jellemzi. 1958-ig, \u201eK\u00f6teles\u201d t\u0171zolt\u00f3s\u00e1gk\u00e9nt \u00e1lland\u00f3 szolg\u00e1latot ad\u00f3 t\u0171zolt\u00f3k l\u00e1tt\u00e1k el a t\u0171zv\u00e9delmi feladatokat. Ezt k\u00f6vet\u0151en csak \u00f6nk\u00e9ntesen szervez\u0151d\u0151, egyes\u00fcleti forma l\u00e9tezett. A &#8217;70-es \u00e9vekben az ilyen t\u00edpus\u00fa egyes\u00fcleti t\u0171zolt\u00e1si tev\u00e9kenys\u00e9g h\u00e1tt\u00e9rbe szorult, helyette \u201eversenyz\u0151\u201d egyes\u00fcletk\u00e9nt m\u0171k\u00f6d\u00f6tt. A szervezet 1999-ben \u00e1tszervez\u00e9sre ker\u00fclt, alapszab\u00e1lyban r\u00f6gz\u00edtett m\u00f3don m\u0171k\u00f6dik, l\u00e1tja el feladatait.<br \/>\nT\u00f3tkoml\u00f3son g\u00e9pj\u00e1rm\u0171fecskend\u0151 vagy t\u0171zolt\u00e1sra alkalmas eszk\u00f6z \u00e1ltal\u00e1ban mindig volt. A 60-as \u00e9vekben M\u00c1VAG t\u00edpus\u00fa, a 70-es \u00e9s 80-as \u00e9vekben ZIL locsol\u00f3 g\u00e9pj\u00e1rm\u0171 l\u00e1tta el a feladatokat.<br \/>\n1987-tol Csepel 344 t\u0171zolt\u00f3g\u00e9pj\u00e1rm\u0171vel a tev\u00e9kenys\u00e9g el\u0151remozdult, nagyobb fejl\u0151d\u00e9sre az eml\u00edtett technika elavults\u00e1ga nem adott lehet\u0151s\u00e9get.<br \/>\n1998\u2013t\u00f3l a N\u00e9metorsz\u00e1gb\u00f3l kapott Mercedes t\u00edpus\u00fa g\u00e9pj\u00e1rm\u00fcfecskend\u00f6, a modern felszerel\u00e9sk\u00e9nt nagy lend\u00fcletet adott.<br \/>\nT\u0171zolt\u00f3felszerel\u00e9sek folyamatos korszer\u0171s\u00edt\u00e9se, az egy\u00e9ni v\u00e9d\u0151felszerel\u00e9sek beszerz\u00e9se fontos feladata az egyes\u00fcletnek<\/p>\n<p>J\u00f3 eredm\u00e9ny tapasztalhat\u00f3, az ifj\u00fas\u00e1g felk\u00e9sz\u00edt\u00e9s\u00e9ben a t\u0171z megel\u0151z\u00e9s\u00e9re, a versenyek keretei k\u00f6z\u00f6tt a t\u0171zolt\u00e1s m\u00f3dozatait saj\u00e1t\u00edtj\u00e1k el a fiatalok. Gyermek- \u00e9s ifj\u00fas\u00e1gi t\u0171zolt\u00f3 versenyekre val\u00f3 felk\u00e9sz\u00fcl\u00e9s minden \u00e9vben febru\u00e1rban kezd\u0151dik, \u00e9s az eredm\u00e9nyes versenyz\u00e9st\u0151l f\u00fcgg\u0151en m\u00e1jus &#8211; j\u00faniusban z\u00e1r\u00f3dik.<\/p>\n<p>Az 1999. november\u00e9ben \u00e1tszervez\u0151d\u00f6tt egyes\u00fclet, a B\u00edr\u00f3s\u00e1g \u00e1ltal bejegyzett Kiemelked\u0151en K\u00f6zhaszn\u00fa Szervezetk\u00e9nt m\u0171k\u00f6dik.<br \/>\n2005 december 1. -t\u0151l Az egyes\u00fclet\u00fcnk \u00e9s hat k\u00f6rnyez\u0151 telep\u00fcl\u00e9s l\u00e9trehozta a T\u00f3tkoml\u00f3si \u00d6nk\u00e9ntes T\u0171zolt\u00f3s\u00e1got. T\u00f3tkoml\u00f3s, B\u00e9k\u00e9ss\u00e1mson, Csan\u00e1dalberti, Pitvaros, Ambr\u00f3zfalva, Nagy\u00e9r telep\u00fcl\u00e9sek \u00e9s az egyes\u00fclet\u00fcnk ett\u0151l az id\u0151t\u0151l k\u00f6telez\u0151en vonul a jogszab\u00e1lyban meghat\u00e1rozott, 1 g\u00e9pj\u00e1rm\u0171fecskend\u0151vel, 4 f\u0151 t\u0171zolt\u00f3val, \u00e9s 8 perces indul\u00e1si normaid\u0151vel.<\/p>\n<p>A k\u00f6telez\u0151 feladatell\u00e1t\u00e1s sor\u00e1n az \u00e9ves bevet\u00e9sek sz\u00e1ma, amely t\u0171zesetek, m\u0171szaki ment\u00e9s kateg\u00f3ri\u00e1ban, k\u00f6z\u00fati baleset, vihark\u00e1r felsz\u00e1mol\u00e1s, \u00e9s egy\u00e9b esetek sor\u00e1n \u00e9vesen 120-130 \u00e1tlagos sz\u00e1mmal ker\u00fclt \u00e9s ker\u00fcl felsz\u00e1mol\u00e1sra. 2012. \u00e9vt\u0151l a jogszab\u00e1lyi v\u00e1ltoz\u00e1sokat k\u00f6vetve a szervezet nev\u00e9ben szerepl\u0151 &#8222;\u00d6nk\u00e9ntes&#8221; m\u00f3dos\u00edt\u00e1sra ker\u00fclt. az \u00faj elnevez\u00e9s T\u00f3tkoml\u00f3si \u00d6nkorm\u00e1nyzati T\u0171zolt\u00f3s\u00e1g.<\/p>\n<p>T\u0171zolt\u00f3 sport ter\u00fclet\u00e9n a CTIF szab\u00e1ly szerinti versenyz\u00e9sben az ifj\u00fas\u00e1gi \u00e9s a feln\u0151tt kateg\u00f3ri\u00e1ban nemzetk\u00f6zi versenyekre is kijutott csaptunk.\u00a0 Legyelorsz\u00e1gi Opol\u00e9ban 2015. \u00e9vbe ifj\u00fas\u00e1gii fi\u00fa, Ausztiai Villacban 2017. \u00e9vben Fel\u0151tt n\u0151i \u00e9s f\u00e9rfi\u00a0 csapat, valamint a Sv\u00e1jci Martigniben 2019. \u00e9vben az ifj\u00fas\u00e1gi fi\u00fa csapat\u00a0 szerzett min\u0151s\u00edt\u00e9st.<\/p>\n","protected":false},"excerpt":{"rendered":"<p>A telep\u00fcl\u00e9s lakoss\u00e1g\u00e1nak a t\u0171z elleni v\u00e9dekez\u00e9sei m\u00e1r a XIX. sz\u00e1zadban kialakultak. A templomtoronyban t\u0171z\u0151r\u00f6k laktak, akiknek feladata a t\u0171z jelz\u00e9se volt \u00e9s ezenk\u00edv\u00fcl jelezt\u00e9k az id\u0151 m\u00fal\u00e1s\u00e1t is. T\u0171z&hellip; <\/p>\n","protected":false},"author":1,"featured_media":0,"parent":0,"menu_order":0,"comment_status":"closed","ping_status":"closed","template":"","meta":[],"_links":{"self":[{"href":"https:\/\/otetkomlos.hu\/index.php\/wp-json\/wp\/v2\/pages\/10"}],"collection":[{"href":"https:\/\/otetkomlos.hu\/index.php\/wp-json\/wp\/v2\/pages"}],"about":[{"href":"https:\/\/otetkomlos.hu\/index.php\/wp-json\/wp\/v2\/types\/page"}],"author":[{"embeddable":true,"href":"https:\/\/otetkomlos.hu\/index.php\/wp-json\/wp\/v2\/users\/1"}],"replies":[{"embeddable":true,"href":"https:\/\/otetkomlos.hu\/index.php\/wp-json\/wp\/v2\/comments?post=10"}],"version-history":[{"count":6,"href":"https:\/\/otetkomlos.hu\/index.php\/wp-json\/wp\/v2\/pages\/10\/revisions"}],"predecessor-version":[{"id":166,"href":"https:\/\/otetkomlos.hu\/index.php\/wp-json\/wp\/v2\/pages\/10\/revisions\/166"}],"wp:attachment":[{"href":"https:\/\/otetkomlos.hu\/index.php\/wp-json\/wp\/v2\/media?parent=10"}],"curies":[{"name":"wp","href":"https:\/\/api.w.org\/{rel}","templated":true}]}}